{"id":1220,"date":"2022-01-06T09:37:32","date_gmt":"2022-01-06T08:37:32","guid":{"rendered":"https:\/\/gottschalk.code-communication.be\/?page_id=1220"},"modified":"2022-04-28T16:12:14","modified_gmt":"2022-04-28T14:12:14","slug":"cookies","status":"publish","type":"page","link":"https:\/\/gottschalk.code-communication.be\/fr\/cookies\/","title":{"rendered":"Cookies"},"content":{"rendered":"\t\t<div data-elementor-type=\"wp-page\" data-elementor-id=\"1220\" class=\"elementor elementor-1220\" data-elementor-post-type=\"page\">\n\t\t\t\t\t\t<section class=\"has_ae_slider elementor-section elementor-top-section elementor-element elementor-element-1eba758 elementor-section-boxed elementor-section-height-default elementor-section-height-default ae-bg-gallery-type-default\" data-id=\"1eba758\" data-element_type=\"section\">\n\t\t\t\t\t\t<div class=\"elementor-container elementor-column-gap-default\">\n\t\t\t\t\t<div class=\"has_ae_slider elementor-column elementor-col-100 elementor-top-column elementor-element elementor-element-84d6415 ae-bg-gallery-type-default\" data-id=\"84d6415\" data-element_type=\"column\">\n\t\t\t<div class=\"elementor-widget-wrap elementor-element-populated\">\n\t\t\t\t\t\t<div class=\"elementor-element elementor-element-accb754 elementor-widget elementor-widget-heading\" data-id=\"accb754\" data-element_type=\"widget\" data-widget_type=\"heading.default\">\n\t\t\t\t<div class=\"elementor-widget-container\">\n\t\t\t\t\t<h1 class=\"elementor-heading-title elementor-size-default\">Cookies<\/h1>\t\t\t\t<\/div>\n\t\t\t\t<\/div>\n\t\t\t\t<div class=\"elementor-element elementor-element-e34e08d elementor-widget elementor-widget-text-editor\" data-id=\"e34e08d\" data-element_type=\"widget\" data-widget_type=\"text-editor.default\">\n\t\t\t\t<div class=\"elementor-widget-container\">\n\t\t\t\t\t\t\t\t\t<p>gottschalk.be utilise des cookies pour vous offrir une meilleure exp\u00e9rience d&rsquo;utilisation de notre site web. Les cookies sont de petits fichiers texte que nous enregistrons dans votre navigateur internet ou sur le disque dur de votre ordinateur ou appareil mobile lorsque vous consultez notre site web. Ces cookies sont stock\u00e9s d\u00e8s que vous consultez notre site web, sauf si vous avez configur\u00e9 votre navigateur de sorte qu&rsquo;il refuse les cookies.<\/p><p>Les cookies nous aident \u00e0 am\u00e9liorer le fonctionnement de notre site web et \u00e0 savoir quels sont les centres d&rsquo;int\u00e9r\u00eat de nos visiteurs.<\/p><h3>Quels cookies utilisons-nous?<\/h3><h4>Cookies fonctionnels<\/h4><p>Les cookies fonctionnels sont n\u00e9cessaires au fonctionnement optimal du site web. Ils permettent notamment d&rsquo;enregistrer entre autres votre choix de langue, vos donn\u00e9es de connexion et les produits s\u00e9lectionn\u00e9s dans votre panier.<\/p><h4>Cookies analytiques<\/h4><p>Pour am\u00e9liorer notre site web et pouvoir vous offrir un meilleur service, nous analysons anonymement les habitudes de navigation de nos utilisateurs. Les donn\u00e9es suivantes entre autres sont enregistr\u00e9es:<\/p><ul><li>Caract\u00e9ristiques techniques telles que navigateur web et type d&rsquo;appareil,<\/li><li>\u00c0 quel moment vous avez visit\u00e9 le site et pour quelle dur\u00e9e,<\/li><li>Quelles pages vous avez consult\u00e9es<\/li><li>Vitesse de chargement d&rsquo;une page,\u2026<\/li><\/ul><h3>Comment pouvez-vous refuser l&rsquo;utilisation des cookies?<\/h3><p>La plupart des logiciels de navigation peuvent \u00eatre configur\u00e9s de telle fa\u00e7on que les cookies ne sont pas accept\u00e9s ou que vous \u00eates inform\u00e9 d\u00e8s que vous recevez un cookie. Vous pouvez \u00e9galement supprimer de votre navigateur les cookies d\u00e9j\u00e0 enregistr\u00e9s. Cliquez sur la fonction &lsquo;Aide&rsquo; de votre navigateur internet pour plus d&rsquo;informations. Attention: si vous n&rsquo;autorisez pas les cookies, certaines parties de gottschalk.be pourraient ne plus fonctionner de mani\u00e8re optimale.<\/p><div id=\"ConnectiveDocSignExtentionInstalled\" data-extension-version=\"1.0.4\">\u00a0<\/div>\t\t\t\t\t\t\t\t<\/div>\n\t\t\t\t<\/div>\n\t\t\t\t\t<\/div>\n\t\t<\/div>\n\t\t\t\t\t<\/div>\n\t\t<\/section>\n\t\t\t\t<\/div>\n\t\t","protected":false},"excerpt":{"rendered":"<p>Cookies gottschalk.be utilise des cookies pour vous offrir une meilleure exp\u00e9rience d&rsquo;utilisation de notre site web. Les cookies sont de petits fichiers texte que nous enregistrons dans votre navigateur internet ou sur le disque dur de votre ordinateur ou appareil mobile lorsque vous consultez notre site web. Ces cookies sont stock\u00e9s d\u00e8s que vous consultez [&hellip;]<\/p>\n","protected":false},"author":1,"featured_media":0,"parent":0,"menu_order":0,"comment_status":"closed","ping_status":"closed","template":"","meta":{"_acf_changed":false,"footnotes":""},"class_list":["post-1220","page","type-page","status-publish","hentry"],"acf":[],"_links":{"self":[{"href":"https:\/\/gottschalk.code-communication.be\/fr\/wp-json\/wp\/v2\/pages\/1220","targetHints":{"allow":["GET"]}}],"collection":[{"href":"https:\/\/gottschalk.code-communication.be\/fr\/wp-json\/wp\/v2\/pages"}],"about":[{"href":"https:\/\/gottschalk.code-communication.be\/fr\/wp-json\/wp\/v2\/types\/page"}],"author":[{"embeddable":true,"href":"https:\/\/gottschalk.code-communication.be\/fr\/wp-json\/wp\/v2\/users\/1"}],"replies":[{"embeddable":true,"href":"https:\/\/gottschalk.code-communication.be\/fr\/wp-json\/wp\/v2\/comments?post=1220"}],"version-history":[{"count":0,"href":"https:\/\/gottschalk.code-communication.be\/fr\/wp-json\/wp\/v2\/pages\/1220\/revisions"}],"wp:attachment":[{"href":"https:\/\/gottschalk.code-communication.be\/fr\/wp-json\/wp\/v2\/media?parent=1220"}],"curies":[{"name":"wp","href":"https:\/\/api.w.org\/{rel}","templated":true}]}}