{"id":3,"date":"2021-12-20T17:30:21","date_gmt":"2021-12-20T16:30:21","guid":{"rendered":"https:\/\/gottschalk.code-communication.be\/?page_id=3"},"modified":"2022-04-28T16:20:33","modified_gmt":"2022-04-28T14:20:33","slug":"politique-de-confidentialite","status":"publish","type":"page","link":"https:\/\/gottschalk.code-communication.be\/fr\/politique-de-confidentialite\/","title":{"rendered":"Politique de confidentialit\u00e9"},"content":{"rendered":"\t\t<div data-elementor-type=\"wp-page\" data-elementor-id=\"3\" class=\"elementor elementor-3\" data-elementor-post-type=\"page\">\n\t\t\t\t\t\t<section class=\"has_ae_slider elementor-section elementor-top-section elementor-element elementor-element-6caccd83 elementor-section-boxed elementor-section-height-default elementor-section-height-default ae-bg-gallery-type-default\" data-id=\"6caccd83\" data-element_type=\"section\">\n\t\t\t\t\t\t<div class=\"elementor-container elementor-column-gap-default\">\n\t\t\t\t\t<div class=\"has_ae_slider elementor-column elementor-col-100 elementor-top-column elementor-element elementor-element-2015a229 ae-bg-gallery-type-default\" data-id=\"2015a229\" data-element_type=\"column\">\n\t\t\t<div class=\"elementor-widget-wrap elementor-element-populated\">\n\t\t\t\t\t\t<div class=\"elementor-element elementor-element-8ecb1fc elementor-widget elementor-widget-heading\" data-id=\"8ecb1fc\" data-element_type=\"widget\" data-widget_type=\"heading.default\">\n\t\t\t\t<div class=\"elementor-widget-container\">\n\t\t\t\t\t<h1 class=\"elementor-heading-title elementor-size-default\">Politique de confidentialit\u00e9<\/h1>\t\t\t\t<\/div>\n\t\t\t\t<\/div>\n\t\t\t\t<div class=\"elementor-element elementor-element-eda7109 elementor-widget elementor-widget-text-editor\" data-id=\"eda7109\" data-element_type=\"widget\" data-widget_type=\"text-editor.default\">\n\t\t\t\t<div class=\"elementor-widget-container\">\n\t\t\t\t\t\t\t\t\t<h2>Qui sommes-nous\u00a0?<\/h2><p>L\u2019adresse de notre site est : https:\/\/gottschalk.be.<br \/>Chauss\u00e9e de Tongres 382<br \/>4000 Rocourt<br \/>N\u00b0 d&rsquo;entreprise: BE0882.057.424<\/p><h2>Formulaires de contact<\/h2><p>Lorsque vous vous inscrivez \u00e0 notre newsletter, vous nous fournissez votre nom et votre adresse email afin que nous puissions vous envoyer des emails informatifs sur l\u2019Entreprise. Si vous ne d\u00e9sirez plus recevoir de notifications de notre part, vous pouvez vous d\u00e9sabonner soit via le lien se trouvant au bas de nos newsletters, soit via mail en nous contactant \u00e0 l\u2019adresse info@gottschalk.be<\/p><h2>Cookies<\/h2><p>Lorsque vous vous connecterez, nous mettrons en place un certain nombre de cookies pour enregistrer vos informations de connexion et vos pr\u00e9f\u00e9rences d\u2019\u00e9cran. La dur\u00e9e de vie d\u2019un cookie de connexion est de deux jours, celle d\u2019un cookie d\u2019option d\u2019\u00e9cran est d\u2019un an.<\/p><h2>Contenu embarqu\u00e9 depuis d\u2019autres sites<\/h2><p>Les articles de ce site peuvent inclure des contenus int\u00e9gr\u00e9s (par exemple des vid\u00e9os, images, articles\u2026). Le contenu int\u00e9gr\u00e9 depuis d\u2019autres sites se comporte de la m\u00eame mani\u00e8re que si le visiteur se rendait sur cet autre site.<\/p><p>Ces sites web pourraient collecter des donn\u00e9es sur vous, utiliser des cookies, embarquer des outils de suivis tiers, suivre vos interactions avec ces contenus embarqu\u00e9s si vous disposez d\u2019un compte connect\u00e9 sur leur site web.<\/p><h2>Statistiques et mesures d\u2019audience<\/h2><p>Nous collectons \u00e9galement de mani\u00e8re anonyme des informations techniques lorsque vous utilisez le Site. Nos serveurs enregistrent automatiquement des informations (\u00ab log data \u00bb) telles que votre adresse IP, l\u2019adresse des pages du Site que vous visitez, le type de navigateur que vous utilisez ainsi que ses param\u00e8tres, la date et l\u2019heure de votre connexion, la fa\u00e7on dont vous avez utilis\u00e9 le Site. Cette collecte d\u2019information a comme seul but d\u2019am\u00e9liorer notre site.<\/p><h2>Utilisation et transmission de vos donn\u00e9es personnelles<\/h2><p>Les donn\u00e9es personnelles que vous nous communiquez ne sont utilis\u00e9es que par les centres auditifs Gottschalk que pour :<\/p><ul><li>assurer nos \u00e9changes lors des missions qui nous concernent<\/li><li>constituer les dossiers administratifs n\u00e9cessaires \u00e0 la bonne gestion de nos relations<\/li><li>l\u2019envoi de nos newsletters (informations sur nos activit\u00e9s, invitations \u00e0 nos \u00e9v\u00e9nements, promotions et nouveaut\u00e9s)<\/li><li>Nos relations commerciales avec vous<\/li><\/ul><h2>Dur\u00e9es de stockage de vos donn\u00e9es<\/h2><p>Pour les utilisateurs et utilisatrices qui s\u2019enregistrent sur notre site (si cela est possible), nous stockons \u00e9galement les donn\u00e9es personnelles indiqu\u00e9es dans leur profil. Tous les utilisateurs et utilisatrices peuvent voir, modifier ou supprimer leurs informations personnelles \u00e0 tout moment (\u00e0 l\u2019exception de leur nom d\u2019utilisateur\u00b7ice). Les gestionnaires du site peuvent aussi voir et modifier ces informations.<\/p><h2>Les droits que vous avez sur vos donn\u00e9es<\/h2><p>Si vous avez un compte ou si vous avez laiss\u00e9 des commentaires sur le site, vous pouvez demander \u00e0 recevoir un fichier contenant toutes les donn\u00e9es personnelles que nous poss\u00e9dons \u00e0 votre sujet, incluant celles que vous nous avez fournies. Vous pouvez \u00e9galement demander la suppression des donn\u00e9es personnelles vous concernant. Cela ne prend pas en compte les donn\u00e9es stock\u00e9es \u00e0 des fins administratives, l\u00e9gales ou pour des raisons de s\u00e9curit\u00e9.<\/p><h2>Transmission de vos donn\u00e9es personnelles<\/h2><p>En aucun cas, ces donn\u00e9es ne sont c\u00e9d\u00e9es \u00e0, ou partag\u00e9es avec, des tiers en dehors des n\u00e9cessit\u00e9s impos\u00e9es par le simple fait de l\u2019ex\u00e9cution de nos missions.<\/p><div id=\"ConnectiveDocSignExtentionInstalled\" data-extension-version=\"1.0.4\">\u00a0<\/div>\t\t\t\t\t\t\t\t<\/div>\n\t\t\t\t<\/div>\n\t\t\t\t\t<\/div>\n\t\t<\/div>\n\t\t\t\t\t<\/div>\n\t\t<\/section>\n\t\t\t\t<\/div>\n\t\t","protected":false},"excerpt":{"rendered":"<p>Politique de confidentialit\u00e9 Qui sommes-nous\u00a0? L\u2019adresse de notre site est : https:\/\/gottschalk.be.Chauss\u00e9e de Tongres 3824000 RocourtN\u00b0 d&rsquo;entreprise: BE0882.057.424 Formulaires de contact Lorsque vous vous inscrivez \u00e0 notre newsletter, vous nous fournissez votre nom et votre adresse email afin que nous puissions vous envoyer des emails informatifs sur l\u2019Entreprise. Si vous ne d\u00e9sirez plus recevoir de [&hellip;]<\/p>\n","protected":false},"author":1,"featured_media":0,"parent":0,"menu_order":0,"comment_status":"closed","ping_status":"open","template":"","meta":{"_acf_changed":false,"footnotes":""},"class_list":["post-3","page","type-page","status-publish","hentry"],"acf":[],"_links":{"self":[{"href":"https:\/\/gottschalk.code-communication.be\/fr\/wp-json\/wp\/v2\/pages\/3","targetHints":{"allow":["GET"]}}],"collection":[{"href":"https:\/\/gottschalk.code-communication.be\/fr\/wp-json\/wp\/v2\/pages"}],"about":[{"href":"https:\/\/gottschalk.code-communication.be\/fr\/wp-json\/wp\/v2\/types\/page"}],"author":[{"embeddable":true,"href":"https:\/\/gottschalk.code-communication.be\/fr\/wp-json\/wp\/v2\/users\/1"}],"replies":[{"embeddable":true,"href":"https:\/\/gottschalk.code-communication.be\/fr\/wp-json\/wp\/v2\/comments?post=3"}],"version-history":[{"count":0,"href":"https:\/\/gottschalk.code-communication.be\/fr\/wp-json\/wp\/v2\/pages\/3\/revisions"}],"wp:attachment":[{"href":"https:\/\/gottschalk.code-communication.be\/fr\/wp-json\/wp\/v2\/media?parent=3"}],"curies":[{"name":"wp","href":"https:\/\/api.w.org\/{rel}","templated":true}]}}