{"id":75,"date":"2021-12-21T14:10:57","date_gmt":"2021-12-21T13:10:57","guid":{"rendered":"https:\/\/gottschalk.code-communication.be\/?page_id=75"},"modified":"2025-05-09T14:53:06","modified_gmt":"2025-05-09T12:53:06","slug":"methode","status":"publish","type":"page","link":"https:\/\/gottschalk.code-communication.be\/fr\/methode\/","title":{"rendered":"M\u00e9thode"},"content":{"rendered":"\t\t<div data-elementor-type=\"wp-page\" data-elementor-id=\"75\" class=\"elementor elementor-75\" data-elementor-post-type=\"page\">\n\t\t\t\t<div class=\"has_ae_slider elementor-element elementor-element-2321c02 e-flex e-con-boxed ae-bg-gallery-type-default elementor-invisible e-con e-parent\" data-id=\"2321c02\" data-element_type=\"container\" data-settings=\"{&quot;background_background&quot;:&quot;classic&quot;,&quot;animation&quot;:&quot;fadeInLeft&quot;}\">\n\t\t\t\t\t<div class=\"e-con-inner\">\n\t\t<div class=\"has_ae_slider elementor-element elementor-element-d123c7f e-con-full e-flex ae-bg-gallery-type-default e-con e-child\" data-id=\"d123c7f\" data-element_type=\"container\" data-settings=\"{&quot;background_background&quot;:&quot;classic&quot;}\">\n\t\t\t\t<div class=\"elementor-element elementor-element-143838f elementor-widget elementor-widget-heading\" data-id=\"143838f\" data-element_type=\"widget\" data-widget_type=\"heading.default\">\n\t\t\t\t<div class=\"elementor-widget-container\">\n\t\t\t\t\t<h2 class=\"elementor-heading-title elementor-size-default\">Comment fonctionnons-nous chez Gottschalk ?<\/h2>\t\t\t\t<\/div>\n\t\t\t\t<\/div>\n\t\t\t\t<div class=\"elementor-element elementor-element-8d81c84 elementor-widget elementor-widget-text-editor\" data-id=\"8d81c84\" data-element_type=\"widget\" data-widget_type=\"text-editor.default\">\n\t\t\t\t<div class=\"elementor-widget-container\">\n\t\t\t\t\t\t\t\t\t<p>Vous souffrez de troubles de l\u2019ou\u00efe, mais n\u2019\u00eates pas s\u00fbr du degr\u00e9 de gravit\u00e9 ou encore vous ne savez pas quel type d\u2019appareil auditif pourrait vous convenir ? Aucun soucis ! Notre \u00e9quipe d\u2019audiologues sp\u00e9cialis\u00e9s*, guid\u00e9s par Pierre Gottschalk et Katrien Orey, est pr\u00eate \u00e0 vous accompagner dans votre cheminement.<\/p><p>\u00a0<\/p><p style=\"text-align: right\"><strong><span style=\"font-size: 8pt\">*Tous nos audiologues sont conventionn\u00e9s.<\/span><\/strong><\/p>\t\t\t\t\t\t\t\t<\/div>\n\t\t\t\t<\/div>\n\t\t\t\t<\/div>\n\t\t<div class=\"has_ae_slider elementor-element elementor-element-4ba7d87 e-con-full e-flex ae-bg-gallery-type-default e-con e-child\" data-id=\"4ba7d87\" data-element_type=\"container\">\n\t\t\t\t<div class=\"elementor-element elementor-element-383b644 elementor-widget elementor-widget-image\" data-id=\"383b644\" data-element_type=\"widget\" data-widget_type=\"image.default\">\n\t\t\t\t<div class=\"elementor-widget-container\">\n\t\t\t\t\t\t\t\t\t\t\t\t\t\t\t<img fetchpriority=\"high\" decoding=\"async\" width=\"800\" height=\"800\" src=\"https:\/\/gottschalk.code-communication.be\/wp-content\/uploads\/2022\/02\/gottschalk_ph3_1000x1000.jpg\" class=\"attachment-large size-large wp-image-1525\" alt=\"\" srcset=\"https:\/\/gottschalk.code-communication.be\/wp-content\/uploads\/2022\/02\/gottschalk_ph3_1000x1000.jpg 1000w, https:\/\/gottschalk.code-communication.be\/wp-content\/uploads\/2022\/02\/gottschalk_ph3_1000x1000-300x300.jpg 300w, https:\/\/gottschalk.code-communication.be\/wp-content\/uploads\/2022\/02\/gottschalk_ph3_1000x1000-150x150.jpg 150w, https:\/\/gottschalk.code-communication.be\/wp-content\/uploads\/2022\/02\/gottschalk_ph3_1000x1000-768x768.jpg 768w\" sizes=\"(max-width: 800px) 100vw, 800px\" \/>\t\t\t\t\t\t\t\t\t\t\t\t\t\t\t<\/div>\n\t\t\t\t<\/div>\n\t\t\t\t<\/div>\n\t\t\t\t\t<\/div>\n\t\t\t\t<\/div>\n\t\t<div class=\"has_ae_slider elementor-element elementor-element-7820d05 e-flex e-con-boxed ae-bg-gallery-type-default elementor-invisible e-con e-parent\" data-id=\"7820d05\" data-element_type=\"container\" data-settings=\"{&quot;background_background&quot;:&quot;classic&quot;,&quot;animation&quot;:&quot;fadeInUp&quot;}\">\n\t\t\t\t\t<div class=\"e-con-inner\">\n\t\t\t\t<div class=\"elementor-element elementor-element-46527b6 elementor-widget elementor-widget-heading\" data-id=\"46527b6\" data-element_type=\"widget\" data-widget_type=\"heading.default\">\n\t\t\t\t<div class=\"elementor-widget-container\">\n\t\t\t\t\t<h2 class=\"elementor-heading-title elementor-size-default\">Notre m\u00e9thode en 6 \u00e9tapes:<\/h2>\t\t\t\t<\/div>\n\t\t\t\t<\/div>\n\t\t\t\t<div class=\"elementor-element elementor-element-5ff8f15 e-n-tabs-mobile elementor-widget elementor-widget-n-tabs\" data-id=\"5ff8f15\" data-element_type=\"widget\" data-widget_type=\"nested-tabs.default\">\n\t\t\t\t<div class=\"elementor-widget-container\">\n\t\t\t\t\t\t\t<div class=\"e-n-tabs\" data-widget-number=\"100634389\" aria-label=\"Onglets. Ouvrez des \u00e9l\u00e9ments avec Entrer ou Espace, fermez-les avec Echape et naviguez \u00e0 l&#039;aide des touches fl\u00e9ch\u00e9es.\">\n\t\t\t<div class=\"e-n-tabs-heading\" role=\"tablist\">\n\t\t\t\t\t<button id=\"e-n-tab-title-1006343891\" class=\"e-n-tab-title\" aria-selected=\"true\" data-tab-index=\"1\" role=\"tab\" tabindex=\"0\" aria-controls=\"e-n-tab-content-1006343891\" style=\"--n-tabs-title-order: 1;\">\n\t\t\t\t\t\t<span class=\"e-n-tab-title-text\">\n\t\t\t\t\u00c9tape 1\t\t\t<\/span>\n\t\t<\/button>\n\t\t\t\t<button id=\"e-n-tab-title-1006343892\" class=\"e-n-tab-title\" aria-selected=\"false\" data-tab-index=\"2\" role=\"tab\" tabindex=\"-1\" aria-controls=\"e-n-tab-content-1006343892\" style=\"--n-tabs-title-order: 2;\">\n\t\t\t\t\t\t<span class=\"e-n-tab-title-text\">\n\t\t\t\t\u00c9tape 2\t\t\t<\/span>\n\t\t<\/button>\n\t\t\t\t<button id=\"e-n-tab-title-1006343893\" class=\"e-n-tab-title\" aria-selected=\"false\" data-tab-index=\"3\" role=\"tab\" tabindex=\"-1\" aria-controls=\"e-n-tab-content-1006343893\" style=\"--n-tabs-title-order: 3;\">\n\t\t\t\t\t\t<span class=\"e-n-tab-title-text\">\n\t\t\t\t\u00c9tape 3\t\t\t<\/span>\n\t\t<\/button>\n\t\t\t\t<button id=\"e-n-tab-title-1006343894\" class=\"e-n-tab-title\" aria-selected=\"false\" data-tab-index=\"4\" role=\"tab\" tabindex=\"-1\" aria-controls=\"e-n-tab-content-1006343894\" style=\"--n-tabs-title-order: 4;\">\n\t\t\t\t\t\t<span class=\"e-n-tab-title-text\">\n\t\t\t\t\u00c9tape 4\t\t\t<\/span>\n\t\t<\/button>\n\t\t\t\t<button id=\"e-n-tab-title-1006343895\" class=\"e-n-tab-title\" aria-selected=\"false\" data-tab-index=\"5\" role=\"tab\" tabindex=\"-1\" aria-controls=\"e-n-tab-content-1006343895\" style=\"--n-tabs-title-order: 5;\">\n\t\t\t\t\t\t<span class=\"e-n-tab-title-text\">\n\t\t\t\t\u00c9tape 5\t\t\t<\/span>\n\t\t<\/button>\n\t\t\t\t<button id=\"e-n-tab-title-1006343896\" class=\"e-n-tab-title\" aria-selected=\"false\" data-tab-index=\"6\" role=\"tab\" tabindex=\"-1\" aria-controls=\"e-n-tab-content-1006343896\" style=\"--n-tabs-title-order: 6;\">\n\t\t\t\t\t\t<span class=\"e-n-tab-title-text\">\n\t\t\t\t\u00c9tape 6\t\t\t<\/span>\n\t\t<\/button>\n\t\t\t\t\t<\/div>\n\t\t\t<div class=\"e-n-tabs-content\">\n\t\t\t\t<div class=\"has_ae_slider e-active elementor-element elementor-element-bca4d04 e-con-full e-flex ae-bg-gallery-type-default e-con e-child\" id=\"e-n-tab-content-1006343891\" role=\"tabpanel\" aria-labelledby=\"e-n-tab-title-1006343891\" data-tab-index=\"1\" style=\"--n-tabs-title-order: 1;\" data-id=\"bca4d04\" data-element_type=\"container\">\n\t\t\t\t<div class=\"elementor-element elementor-element-1bb35cd elementor-widget elementor-widget-heading\" data-id=\"1bb35cd\" data-element_type=\"widget\" data-widget_type=\"heading.default\">\n\t\t\t\t<div class=\"elementor-widget-container\">\n\t\t\t\t\t<h3 class=\"elementor-heading-title elementor-size-default\">le test auditif gratuit<\/h3>\t\t\t\t<\/div>\n\t\t\t\t<\/div>\n\t\t\t\t<div class=\"elementor-element elementor-element-5256248 elementor-widget elementor-widget-text-editor\" data-id=\"5256248\" data-element_type=\"widget\" data-widget_type=\"text-editor.default\">\n\t\t\t\t<div class=\"elementor-widget-container\">\n\t\t\t\t\t\t\t\t\t<p>Votre acuit\u00e9 auditive vous semble diminu\u00e9e ? Souffrez-vous d\u2019acouph\u00e8nes ou de dommages de l\u2019ou\u00efe ? Alors n\u2019h\u00e9sitez pas \u00e0 passer dans l\u2019un de nos centres afin de faire tester gratuitement votre audition par l\u2019un de nos audiologues.<\/p>\t\t\t\t\t\t\t\t<\/div>\n\t\t\t\t<\/div>\n\t\t\t\t<div class=\"elementor-element elementor-element-a1dcfe3 elementor-widget elementor-widget-button\" data-id=\"a1dcfe3\" data-element_type=\"widget\" data-widget_type=\"button.default\">\n\t\t\t\t<div class=\"elementor-widget-container\">\n\t\t\t\t\t\t\t\t\t<div class=\"elementor-button-wrapper\">\n\t\t\t\t\t<a class=\"elementor-button elementor-button-link elementor-size-sm\" href=\"\/fr\/contact\/\">\n\t\t\t\t\t\t<span class=\"elementor-button-content-wrapper\">\n\t\t\t\t\t\t<span class=\"elementor-button-icon\">\n\t\t\t\t<i aria-hidden=\"true\" class=\"fas fa-chevron-circle-right\"><\/i>\t\t\t<\/span>\n\t\t\t\t\t\t\t\t\t<span class=\"elementor-button-text\">Prendre rendez-vous pour un test GRATUIT<\/span>\n\t\t\t\t\t<\/span>\n\t\t\t\t\t<\/a>\n\t\t\t\t<\/div>\n\t\t\t\t\t\t\t\t<\/div>\n\t\t\t\t<\/div>\n\t\t\t\t<\/div>\n\t\t<div class=\"has_ae_slider  elementor-element elementor-element-6212db9 e-con-full e-flex ae-bg-gallery-type-default e-con e-child\" id=\"e-n-tab-content-1006343892\" role=\"tabpanel\" aria-labelledby=\"e-n-tab-title-1006343892\" data-tab-index=\"2\" style=\"--n-tabs-title-order: 2;\" data-id=\"6212db9\" data-element_type=\"container\">\n\t\t\t\t<div class=\"elementor-element elementor-element-2f894df elementor-widget elementor-widget-heading\" data-id=\"2f894df\" data-element_type=\"widget\" data-widget_type=\"heading.default\">\n\t\t\t\t<div class=\"elementor-widget-container\">\n\t\t\t\t\t<h3 class=\"elementor-heading-title elementor-size-default\">La consuktation ORL<\/h3>\t\t\t\t<\/div>\n\t\t\t\t<\/div>\n\t\t\t\t<div class=\"elementor-element elementor-element-d684373 elementor-widget elementor-widget-text-editor\" data-id=\"d684373\" data-element_type=\"widget\" data-widget_type=\"text-editor.default\">\n\t\t\t\t<div class=\"elementor-widget-container\">\n\t\t\t\t\t\t\t\t\t<p>Si le test de l\u2019ou\u00efe indique que vous souffrez effectivement d\u2019une perte auditive et avez donc besoin d\u2019appareils, il est conseill\u00e9 de prendre contact avec votre m\u00e9decin ORL. Celui-ci pourra alors vous fournir une prescription pour l\u2019obtention de vos appareils auditifs.\u00a0<\/p><p><a href=\"https:\/\/www.pagesdor.be\/trouvez\/m%C3%A9decin%20oto-rhino-laryngolis%20\/\" target=\"_blank\" rel=\"noopener\">Contacter un m\u00e9decin ORL dans votre r\u00e9gion.<\/a><\/p><div id=\"ConnectiveDocSignExtentionInstalled\" data-extension-version=\"1.0.4\">\u00a0<\/div>\t\t\t\t\t\t\t\t<\/div>\n\t\t\t\t<\/div>\n\t\t\t\t<\/div>\n\t\t<div class=\"has_ae_slider  elementor-element elementor-element-aed9bf2 e-con-full e-flex ae-bg-gallery-type-default e-con e-child\" id=\"e-n-tab-content-1006343893\" role=\"tabpanel\" aria-labelledby=\"e-n-tab-title-1006343893\" data-tab-index=\"3\" style=\"--n-tabs-title-order: 3;\" data-id=\"aed9bf2\" data-element_type=\"container\">\n\t\t\t\t<div class=\"elementor-element elementor-element-9d57191 elementor-widget elementor-widget-heading\" data-id=\"9d57191\" data-element_type=\"widget\" data-widget_type=\"heading.default\">\n\t\t\t\t<div class=\"elementor-widget-container\">\n\t\t\t\t\t<h3 class=\"elementor-heading-title elementor-size-default\">Le choix de l'appareil<\/h3>\t\t\t\t<\/div>\n\t\t\t\t<\/div>\n\t\t\t\t<div class=\"elementor-element elementor-element-3275b60 elementor-widget elementor-widget-text-editor\" data-id=\"3275b60\" data-element_type=\"widget\" data-widget_type=\"text-editor.default\">\n\t\t\t\t<div class=\"elementor-widget-container\">\n\t\t\t\t\t\t\t\t\t<p>D\u00e8s que vous avez obtenu la prescription de votre m\u00e9decin, nous fixerons un nouveau rendez-vous dans l\u2019un de nos centres. Pensez \u00e0 prendre ce jour-l\u00e0 l\u2019attestation de l\u2019ORL avec vous.<\/p><p>Vous pourrez alors choisir, avec l\u2019aide d\u2019un de nos sp\u00e9cialistes, l\u2019appareil qui vous conviendra le mieux.<\/p><p><a href=\"\/fr\/appareils-auditifs\/\" target=\"_blank\" rel=\"noopener\">Consulter notre assortiment d\u2019appareils.<\/a><\/p>\t\t\t\t\t\t\t\t<\/div>\n\t\t\t\t<\/div>\n\t\t\t\t<\/div>\n\t\t<div class=\"has_ae_slider  elementor-element elementor-element-c3f0f4b e-con-full e-flex ae-bg-gallery-type-default e-con e-child\" id=\"e-n-tab-content-1006343894\" role=\"tabpanel\" aria-labelledby=\"e-n-tab-title-1006343894\" data-tab-index=\"4\" style=\"--n-tabs-title-order: 4;\" data-id=\"c3f0f4b\" data-element_type=\"container\">\n\t\t\t\t<div class=\"elementor-element elementor-element-bb2913b elementor-widget elementor-widget-heading\" data-id=\"bb2913b\" data-element_type=\"widget\" data-widget_type=\"heading.default\">\n\t\t\t\t<div class=\"elementor-widget-container\">\n\t\t\t\t\t<h3 class=\"elementor-heading-title elementor-size-default\">La p\u00e9riode d'essai des aides auditives<\/h3>\t\t\t\t<\/div>\n\t\t\t\t<\/div>\n\t\t\t\t<div class=\"elementor-element elementor-element-ed4fbb2 elementor-widget elementor-widget-text-editor\" data-id=\"ed4fbb2\" data-element_type=\"widget\" data-widget_type=\"text-editor.default\">\n\t\t\t\t<div class=\"elementor-widget-container\">\n\t\t\t\t\t\t\t\t\t<p>Vous pourrez \u00e0 pr\u00e9sent essayer l\u2019appareil de votre choix pendant une p\u00e9riode d\u2019essai gratuite d\u2019un mois, sans engagement. Nous nous tenons \u00e0 votre enti\u00e8re disposition pour r\u00e9pondre \u00e0 toutes vos questions pendant cette p\u00e9riode de test.<\/p><p><a href=\"\/fr\/contact\/#formulaire\">Prendre contact avec l\u2019un de nos audiologues.<\/a><\/p>\t\t\t\t\t\t\t\t<\/div>\n\t\t\t\t<\/div>\n\t\t\t\t<\/div>\n\t\t<div class=\"has_ae_slider  elementor-element elementor-element-56df216 e-con-full e-flex ae-bg-gallery-type-default e-con e-child\" id=\"e-n-tab-content-1006343895\" role=\"tabpanel\" aria-labelledby=\"e-n-tab-title-1006343895\" data-tab-index=\"5\" style=\"--n-tabs-title-order: 5;\" data-id=\"56df216\" data-element_type=\"container\">\n\t\t\t\t<div class=\"elementor-element elementor-element-13050ab elementor-widget elementor-widget-heading\" data-id=\"13050ab\" data-element_type=\"widget\" data-widget_type=\"heading.default\">\n\t\t\t\t<div class=\"elementor-widget-container\">\n\t\t\t\t\t<h3 class=\"elementor-heading-title elementor-size-default\">l\u2019approbation par l'ORL de l'appareillage<\/h3>\t\t\t\t<\/div>\n\t\t\t\t<\/div>\n\t\t\t\t<div class=\"elementor-element elementor-element-6978765 elementor-widget elementor-widget-text-editor\" data-id=\"6978765\" data-element_type=\"widget\" data-widget_type=\"text-editor.default\">\n\t\t\t\t<div class=\"elementor-widget-container\">\n\t\t\t\t\t\t\t\t\t<p>Une fois la p\u00e9riode d\u2019essai termin\u00e9e, si vous \u00eates content de vos proth\u00e8ses, il vous faudra retourner chez votre m\u00e9decin ORL. Celui-ci pourra alors signer une deuxi\u00e8me fois la prescription d\u2019appareillage afin de l\u2019approuver.<\/p><div id=\"ConnectiveDocSignExtentionInstalled\" data-extension-version=\"1.0.4\">\u00a0<\/div>\t\t\t\t\t\t\t\t<\/div>\n\t\t\t\t<\/div>\n\t\t\t\t<\/div>\n\t\t<div class=\"has_ae_slider  elementor-element elementor-element-f8120bc e-con-full e-flex ae-bg-gallery-type-default e-con e-child\" id=\"e-n-tab-content-1006343896\" role=\"tabpanel\" aria-labelledby=\"e-n-tab-title-1006343896\" data-tab-index=\"6\" style=\"--n-tabs-title-order: 6;\" data-id=\"f8120bc\" data-element_type=\"container\">\n\t\t\t\t<div class=\"elementor-element elementor-element-1b90034 elementor-widget elementor-widget-heading\" data-id=\"1b90034\" data-element_type=\"widget\" data-widget_type=\"heading.default\">\n\t\t\t\t<div class=\"elementor-widget-container\">\n\t\t\t\t\t<h3 class=\"elementor-heading-title elementor-size-default\">La gestion administrative de votre dossier<\/h3>\t\t\t\t<\/div>\n\t\t\t\t<\/div>\n\t\t\t\t<div class=\"elementor-element elementor-element-1a85b5f elementor-widget elementor-widget-text-editor\" data-id=\"1a85b5f\" data-element_type=\"widget\" data-widget_type=\"text-editor.default\">\n\t\t\t\t<div class=\"elementor-widget-container\">\n\t\t\t\t\t\t\t\t\t<p>Apr\u00e8s l\u2019approbation de votre m\u00e9decin ORL, Gottschalk s&rsquo;occupera de la gestion administrative de votre dossier aupr\u00e8s de votre mutualit\u00e9. Nos audiologues sont, par ailleurs, agr\u00e9\u00e9s toutes mutuelles en Belgique.<\/p><p><span style=\"color: #cb1862;\"><strong>Savez-vous, en outre, que nous pratiquons le tiers-payant ? \u00a0<\/strong><\/span><br \/>En d\u2019autres termes, vous ne devez pas avancer le montant que la mutuelle rembourse.<\/p>\t\t\t\t\t\t\t\t<\/div>\n\t\t\t\t<\/div>\n\t\t\t\t<\/div>\n\t\t\t\t\t<\/div>\n\t\t<\/div>\n\t\t\t\t\t\t<\/div>\n\t\t\t\t<\/div>\n\t\t\t\t\t<\/div>\n\t\t\t\t<\/div>\n\t\t<div class=\"has_ae_slider elementor-element elementor-element-daeec0d e-con-full e-flex ae-bg-gallery-type-default elementor-invisible e-con e-parent\" data-id=\"daeec0d\" data-element_type=\"container\" data-settings=\"{&quot;background_background&quot;:&quot;classic&quot;,&quot;animation&quot;:&quot;fadeInUp&quot;}\">\n\t\t<div class=\"has_ae_slider elementor-element elementor-element-62fddc9 e-con-full e-flex ae-bg-gallery-type-default e-con e-child\" data-id=\"62fddc9\" data-element_type=\"container\" data-settings=\"{&quot;background_background&quot;:&quot;classic&quot;}\">\n\t\t\t\t<div class=\"elementor-element elementor-element-c63e180 elementor-widget elementor-widget-image\" data-id=\"c63e180\" data-element_type=\"widget\" data-widget_type=\"image.default\">\n\t\t\t\t<div class=\"elementor-widget-container\">\n\t\t\t\t\t\t\t\t\t\t\t\t\t\t\t<img decoding=\"async\" width=\"201\" height=\"201\" src=\"https:\/\/gottschalk.code-communication.be\/wp-content\/uploads\/2021\/12\/garantie-5-ans-.svg\" class=\"attachment-large size-large wp-image-437\" alt=\"\" \/>\t\t\t\t\t\t\t\t\t\t\t\t\t\t\t<\/div>\n\t\t\t\t<\/div>\n\t\t\t\t<\/div>\n\t\t<div class=\"has_ae_slider elementor-element elementor-element-fdb3ad9 e-con-full e-flex ae-bg-gallery-type-default e-con e-child\" data-id=\"fdb3ad9\" data-element_type=\"container\" data-settings=\"{&quot;background_background&quot;:&quot;classic&quot;}\">\n\t\t\t\t<div class=\"elementor-element elementor-element-b6e5211 elementor-widget elementor-widget-heading\" data-id=\"b6e5211\" data-element_type=\"widget\" data-widget_type=\"heading.default\">\n\t\t\t\t<div class=\"elementor-widget-container\">\n\t\t\t\t\t<h2 class=\"elementor-heading-title elementor-size-default\">Et enfin : vos appareils garantis jusqu'\u00e0 5 ans !<\/h2>\t\t\t\t<\/div>\n\t\t\t\t<\/div>\n\t\t\t\t<div class=\"elementor-element elementor-element-4964367 elementor-widget elementor-widget-text-editor\" data-id=\"4964367\" data-element_type=\"widget\" data-widget_type=\"text-editor.default\">\n\t\t\t\t<div class=\"elementor-widget-container\">\n\t\t\t\t\t\t\t\t\t<p>Nous sommes toujours l\u00e0 pour vous, m\u00eame apr\u00e8s l\u2019achat de vos aides auditives. Au cours des cinq ann\u00e9es suivant votre achat, nous vous garantissons un service apr\u00e8s-vente gratuit (r\u00e9glages et entretiens), ainsi que la prise en charge de tous les d\u00e9fauts de fabrication des appareils auditifs.<\/p><p><strong>Le conseil de nos experts :<\/strong><br \/>Nous vous conseillons de passer tous les 3 \u00e0 6 mois dans l\u2019un de nos centres afin de proc\u00e9der \u00e0 l\u2019entretien gratuit de vos appareils.<\/p>\t\t\t\t\t\t\t\t<\/div>\n\t\t\t\t<\/div>\n\t\t\t\t<\/div>\n\t\t\t\t<\/div>\n\t\t<div class=\"has_ae_slider elementor-element elementor-element-eeed35f e-flex e-con-boxed ae-bg-gallery-type-default elementor-invisible e-con e-parent\" data-id=\"eeed35f\" data-element_type=\"container\" data-settings=\"{&quot;background_background&quot;:&quot;classic&quot;,&quot;animation&quot;:&quot;fadeInUp&quot;}\">\n\t\t\t\t\t<div class=\"e-con-inner\">\n\t\t<div class=\"has_ae_slider elementor-element elementor-element-89443a5 e-con-full e-flex ae-bg-gallery-type-default e-con e-child\" data-id=\"89443a5\" data-element_type=\"container\">\n\t\t\t\t<div class=\"elementor-element elementor-element-f1d7712 elementor-widget elementor-widget-heading\" data-id=\"f1d7712\" data-element_type=\"widget\" data-widget_type=\"heading.default\">\n\t\t\t\t<div class=\"elementor-widget-container\">\n\t\t\t\t\t<h2 class=\"elementor-heading-title elementor-size-default\">Contactez notre \u00e9quipe pour un <strong>TEST<\/strong> d'audition <strong>GRATUIT<\/strong><\/h2>\t\t\t\t<\/div>\n\t\t\t\t<\/div>\n\t\t\t\t<div class=\"elementor-element elementor-element-293e02a elementor-widget elementor-widget-heading\" data-id=\"293e02a\" data-element_type=\"widget\" data-widget_type=\"heading.default\">\n\t\t\t\t<div class=\"elementor-widget-container\">\n\t\t\t\t\t<p class=\"elementor-heading-title elementor-size-default\">ou<\/p>\t\t\t\t<\/div>\n\t\t\t\t<\/div>\n\t\t\t\t<div class=\"elementor-element elementor-element-4d185b2 elementor-align-center elementor-widget elementor-widget-button\" data-id=\"4d185b2\" data-element_type=\"widget\" data-widget_type=\"button.default\">\n\t\t\t\t<div class=\"elementor-widget-container\">\n\t\t\t\t\t\t\t\t\t<div class=\"elementor-button-wrapper\">\n\t\t\t\t\t<a class=\"elementor-button elementor-button-link elementor-size-sm\" href=\"\/fr\/test-auditif\/\">\n\t\t\t\t\t\t<span class=\"elementor-button-content-wrapper\">\n\t\t\t\t\t\t<span class=\"elementor-button-icon\">\n\t\t\t\t<i aria-hidden=\"true\" class=\"fas fa-chevron-circle-right\"><\/i>\t\t\t<\/span>\n\t\t\t\t\t\t\t\t\t<span class=\"elementor-button-text\">Testez votre audition en ligne<\/span>\n\t\t\t\t\t<\/span>\n\t\t\t\t\t<\/a>\n\t\t\t\t<\/div>\n\t\t\t\t\t\t\t\t<\/div>\n\t\t\t\t<\/div>\n\t\t\t\t<\/div>\n\t\t<div class=\"has_ae_slider elementor-element elementor-element-b62733a e-con-full e-flex ae-bg-gallery-type-default e-con e-child\" data-id=\"b62733a\" data-element_type=\"container\">\n\t\t\t\t<div class=\"elementor-element elementor-element-98c520c elementor-widget elementor-widget-image\" data-id=\"98c520c\" data-element_type=\"widget\" data-widget_type=\"image.default\">\n\t\t\t\t<div class=\"elementor-widget-container\">\n\t\t\t\t\t\t\t\t\t\t\t\t\t\t\t<img decoding=\"async\" width=\"800\" height=\"284\" src=\"https:\/\/gottschalk.code-communication.be\/wp-content\/uploads\/2025\/04\/Montage-team-2025-1024x364.webp\" class=\"attachment-large size-large wp-image-3234\" alt=\"\" srcset=\"https:\/\/gottschalk.code-communication.be\/wp-content\/uploads\/2025\/04\/Montage-team-2025-1024x364.webp 1024w, https:\/\/gottschalk.code-communication.be\/wp-content\/uploads\/2025\/04\/Montage-team-2025-300x107.webp 300w, https:\/\/gottschalk.code-communication.be\/wp-content\/uploads\/2025\/04\/Montage-team-2025-768x273.webp 768w, https:\/\/gottschalk.code-communication.be\/wp-content\/uploads\/2025\/04\/Montage-team-2025.webp 1500w\" sizes=\"(max-width: 800px) 100vw, 800px\" \/>\t\t\t\t\t\t\t\t\t\t\t\t\t\t\t<\/div>\n\t\t\t\t<\/div>\n\t\t\t\t<\/div>\n\t\t\t\t\t<\/div>\n\t\t\t\t<\/div>\n\t\t\t\t<\/div>\n\t\t","protected":false},"excerpt":{"rendered":"<p>Comment fonctionnons-nous chez Gottschalk ? Vous souffrez de troubles de l\u2019ou\u00efe, mais n\u2019\u00eates pas s\u00fbr du degr\u00e9 de gravit\u00e9 ou encore vous ne savez pas quel type d\u2019appareil auditif pourrait vous convenir ? Aucun soucis ! Notre \u00e9quipe d\u2019audiologues sp\u00e9cialis\u00e9s*, guid\u00e9s par Pierre Gottschalk et Katrien Orey, est pr\u00eate \u00e0 vous accompagner dans votre cheminement. [&hellip;]<\/p>\n","protected":false},"author":1,"featured_media":0,"parent":0,"menu_order":0,"comment_status":"closed","ping_status":"closed","template":"","meta":{"_acf_changed":false,"footnotes":""},"class_list":["post-75","page","type-page","status-publish","hentry"],"acf":[],"_links":{"self":[{"href":"https:\/\/gottschalk.code-communication.be\/fr\/wp-json\/wp\/v2\/pages\/75","targetHints":{"allow":["GET"]}}],"collection":[{"href":"https:\/\/gottschalk.code-communication.be\/fr\/wp-json\/wp\/v2\/pages"}],"about":[{"href":"https:\/\/gottschalk.code-communication.be\/fr\/wp-json\/wp\/v2\/types\/page"}],"author":[{"embeddable":true,"href":"https:\/\/gottschalk.code-communication.be\/fr\/wp-json\/wp\/v2\/users\/1"}],"replies":[{"embeddable":true,"href":"https:\/\/gottschalk.code-communication.be\/fr\/wp-json\/wp\/v2\/comments?post=75"}],"version-history":[{"count":28,"href":"https:\/\/gottschalk.code-communication.be\/fr\/wp-json\/wp\/v2\/pages\/75\/revisions"}],"predecessor-version":[{"id":3468,"href":"https:\/\/gottschalk.code-communication.be\/fr\/wp-json\/wp\/v2\/pages\/75\/revisions\/3468"}],"wp:attachment":[{"href":"https:\/\/gottschalk.code-communication.be\/fr\/wp-json\/wp\/v2\/media?parent=75"}],"curies":[{"name":"wp","href":"https:\/\/api.w.org\/{rel}","templated":true}]}}